{"id":69,"date":"2009-12-30T17:16:10","date_gmt":"2009-12-30T17:16:10","guid":{"rendered":"http:\/\/www.atatak.com\/fehlfarben_wp\/?page_id=69"},"modified":"2009-12-30T17:16:10","modified_gmt":"2009-12-30T17:16:10","slug":"bucher","status":"publish","type":"page","link":"http:\/\/www.atatak.com\/fehlfarben_wp\/?page_id=69","title":{"rendered":"B\u00fccher"},"content":{"rendered":"<p><strong>Geht so &#8211; Wegbeschreibungen<\/strong><\/p>\n<p><img src=\"http:\/\/www.atatak.com\/images\/peterheingehtso.jpg\" alt=\"Peter Hein - Geht so\" \/><\/p>\n<p>Nach seinen Songtexten und den irgendwo verstreuten Beitr\u00e4gen nun also endlich das Buch:<\/p>\n<p>Peter Hein, S\u00e4nger und Texter der Fehlfarben, flaniert durch St\u00e4dte und St\u00e4dtchen uns schreibt in seiner unverkennbar lax-schnodderigen, teils gutm\u00fctig negativen aber oft auch poetischen Art, was ihm begegnet und er dazu meint.<\/p>\n<p>Ob das die hohe Kunst des Flanierens ist oder nicht: Peter Hein pflegt es zu tun. Er streift durch die St\u00e4dte, in die es ihn aus irgendwelchen Gr\u00fcnden verschl\u00e4gt, und studiert von der Bahnhofskaschemme bis zum Alten Meister im Museum alles, was zwischen den n\u00e4chsten angenehmen Aufenthalt bei Espresso und Bier pa\u00dft. Von A wie Augsburg und Asbestreinigung bis Z wie Z\u00fcrich und Zechpreller hat er viel gesehen , viel zu erinnern, viel zu loben und vieles zu ben\u00f6rgeln.<\/p>\n<p>Seine schweifenden Texte und sein pers\u00f6nlicher Blick sind sicherlich als kompetenter Reisef\u00fchrer unbrauchbar, aber der Flaneur steht eben im Widerspruch zum Prinzip der gef\u00fchrten Reise: Er geht bewusst ins Blaue, um das Kleine, das Individuelle und das Geheime zu finden. Oder auch einfach nur den besten Platz zum &#8222;Bohemisieren&#8220;.<\/p>\n<p><a href=\"http:\/\/www.atatak.com\/buecher\/peterheingehtsobuch.html\">Buch kaufen.<\/a><\/p>\n<p><strong>Die Songtexte<\/strong><\/p>\n<p><img src=\"http:\/\/www.atatak.com\/fehlfarben_wp\/wp-content\/uploads\/2009\/12\/heinbuch2.jpg\" alt=\"Die Songtexte\" \/><\/p>\n<p>Die ersten 30 Jahre einer konsequenten Unfreundlichkeit gegen das Falsche und Gef\u00e4lschte:<br \/>\nPeter Heins Songtexte zusammen mit Gespr\u00e4chen und Fotos erz\u00e4hlen bundesdeutsche Musikgeschichte.<\/p>\n<p>Als auf der Jubil\u00e4umsplatte &#8222;26 1\/2&#8220; zahlreiche Fans aus der deutschen Musikszene (Campino, Herbert Gr\u00f6nemeyer, Dirk von Lowtzow, Helge Schneider, Fran\u00e7oise Cactus etc.) ihre Interpretationen von Fehlfarben-Songs pr\u00e4sentierten, ehrten sie nicht nur die Band selbst, sondern auch ein Ph\u00e4nomen namens Peter Hein. Dessen B\u00fchnenpr\u00e4senz, dessen Texte und dessen Leben sind der Beweis einer bemerkenswerten k\u00fcnstlerischen und pers\u00f6nlichen Konsequenz: Jenseits von Karriere und Anpassung, aber auch genauso jenseits vom Dasein als beruflicher Zeigefinger, sagt der Mann weiter, was er denkt, und macht nicht, wozu er keine Lust hat. Sein Gesang wie seine Texte, die erstmals zeigten, was mit deutscher Sprache in der Rock- und Popmusik m\u00f6glich ist, atmen diese Konsequenz. Jetzt sind alle Songtexte versammelt, und Peter Hein \u00e4u\u00dfert sich in Gespr\u00e4chen zu den Hintergr\u00fcnden. Ein Fanbuch ? aber nicht nur ein Fanbuch: Hier ist eine besondere Welt zu entdecken und ein wichtiges St\u00fcck Zeit- und Musikgeschichte Deutschlands.<\/p>\n<p><a href=\"http:\/\/www.atatak.com\/buecher\/peterheindiesongtexte.html\">Buch kaufen.<\/a><\/p>\n","protected":false},"excerpt":{"rendered":"<p>Geht so &#8211; Wegbeschreibungen Nach seinen Songtexten und den irgendwo verstreuten Beitr\u00e4gen nun also endlich das Buch: Peter Hein, S\u00e4nger und Texter der Fehlfarben, flaniert&hellip;<\/p>\n","protected":false},"author":1,"featured_media":0,"parent":0,"menu_order":0,"comment_status":"open","ping_status":"open","template":"","meta":[],"_links":{"self":[{"href":"http:\/\/www.atatak.com\/fehlfarben_wp\/index.php?rest_route=\/wp\/v2\/pages\/69"}],"collection":[{"href":"http:\/\/www.atatak.com\/fehlfarben_wp\/index.php?rest_route=\/wp\/v2\/pages"}],"about":[{"href":"http:\/\/www.atatak.com\/fehlfarben_wp\/index.php?rest_route=\/wp\/v2\/types\/page"}],"author":[{"embeddable":true,"href":"http:\/\/www.atatak.com\/fehlfarben_wp\/index.php?rest_route=\/wp\/v2\/users\/1"}],"replies":[{"embeddable":true,"href":"http:\/\/www.atatak.com\/fehlfarben_wp\/index.php?rest_route=%2Fwp%2Fv2%2Fcomments&post=69"}],"version-history":[{"count":1,"href":"http:\/\/www.atatak.com\/fehlfarben_wp\/index.php?rest_route=\/wp\/v2\/pages\/69\/revisions"}],"predecessor-version":[{"id":71,"href":"http:\/\/www.atatak.com\/fehlfarben_wp\/index.php?rest_route=\/wp\/v2\/pages\/69\/revisions\/71"}],"wp:attachment":[{"href":"http:\/\/www.atatak.com\/fehlfarben_wp\/index.php?rest_route=%2Fwp%2Fv2%2Fmedia&parent=69"}],"curies":[{"name":"wp","href":"https:\/\/api.w.org\/{rel}","templated":true}]}}